{"id":49,"date":"2018-12-19T19:29:04","date_gmt":"2018-12-19T18:29:04","guid":{"rendered":"https:\/\/jb-holz-montagen.de\/wordpress\/?page_id=49"},"modified":"2024-02-04T14:24:58","modified_gmt":"2024-02-04T13:24:58","slug":"ueber-mich","status":"publish","type":"page","link":"https:\/\/jb-holz-montagen.de\/?page_id=49","title":{"rendered":"\u00dcber mich"},"content":{"rendered":"\n<h4 class=\"wp-block-heading has-text-align-center\">\u201eAngenehm anders als andere\u201c<\/h4>\n\n\n\n<p class=\"has-text-align-center\">\u2026das ist\nmeine Devise, wenn es darum geht Ihre Projekte in die Hand zu nehmen und Ihre\nVorstellungen in die Tat umzusetzen.<br><\/p>\n\n\n\n<p class=\"has-text-align-center\">Ich habe nach langj\u00e4hriger Berufserfahrung viele Ideen und Inspirationen gesammelt und habe mich dann dazu entschlossen, Projekte selber um zu setzen. Egal ob Sie Ihre K\u00fcche aufgebaut, Ihren Fu\u00dfboden verlegt, Ihre T\u00fcren montiert oder Ihre Treppe renoviert haben wollen, ich erledige diese Arbeiten mit gr\u00f6\u00dfter Zuverl\u00e4ssigkeit und Ordnung. Au\u00dferdem k\u00fcmmere ich mich mit meinem Team mit Leidenschaft und Kreativit\u00e4t gerne um Ihre Arbeiten im Innen- und Au\u00dfenbereich an Ihrem Haus. Eben alles, was im weitesten Sinne etwas mit Holz zu tun hat.<\/p>\n\n\n\n<p class=\"has-text-align-center\">St\u00f6bern Sie ein wenig durch meine Bildergalerie und machen Sie sich selber ein Bild.<\/p>\n\n\n\n<p class=\"has-text-align-center\">Ich freue\nmich auf Ihre Anfrage, einfach per E-Mail oder telefonisch!<\/p>\n","protected":false},"excerpt":{"rendered":"<p>\u201eAngenehm anders als andere\u201c \u2026das ist meine Devise, wenn es darum geht Ihre Projekte in die Hand zu nehmen und Ihre Vorstellungen in die Tat umzusetzen. Ich habe nach langj\u00e4hriger Berufserfahrung viele Ideen und Inspirationen gesammelt und habe mich dann dazu entschlossen, Projekte selber um zu setzen. Egal ob Sie Ihre K\u00fcche aufgebaut, Ihren Fu\u00dfboden [&hellip;]<\/p>\n","protected":false},"author":1,"featured_media":0,"parent":0,"menu_order":0,"comment_status":"closed","ping_status":"closed","template":"","meta":{"footnotes":""},"class_list":["post-49","page","type-page","status-publish","hentry"],"_links":{"self":[{"href":"https:\/\/jb-holz-montagen.de\/index.php?rest_route=\/wp\/v2\/pages\/49"}],"collection":[{"href":"https:\/\/jb-holz-montagen.de\/index.php?rest_route=\/wp\/v2\/pages"}],"about":[{"href":"https:\/\/jb-holz-montagen.de\/index.php?rest_route=\/wp\/v2\/types\/page"}],"author":[{"embeddable":true,"href":"https:\/\/jb-holz-montagen.de\/index.php?rest_route=\/wp\/v2\/users\/1"}],"replies":[{"embeddable":true,"href":"https:\/\/jb-holz-montagen.de\/index.php?rest_route=%2Fwp%2Fv2%2Fcomments&post=49"}],"version-history":[{"count":15,"href":"https:\/\/jb-holz-montagen.de\/index.php?rest_route=\/wp\/v2\/pages\/49\/revisions"}],"predecessor-version":[{"id":235,"href":"https:\/\/jb-holz-montagen.de\/index.php?rest_route=\/wp\/v2\/pages\/49\/revisions\/235"}],"wp:attachment":[{"href":"https:\/\/jb-holz-montagen.de\/index.php?rest_route=%2Fwp%2Fv2%2Fmedia&parent=49"}],"curies":[{"name":"wp","href":"https:\/\/api.w.org\/{rel}","templated":true}]}}