{"id":46,"date":"2018-12-19T19:05:33","date_gmt":"2018-12-19T18:05:33","guid":{"rendered":"https:\/\/jb-holz-montagen.de\/wordpress\/?page_id=46"},"modified":"2019-03-15T11:57:50","modified_gmt":"2019-03-15T10:57:50","slug":"impressum","status":"publish","type":"page","link":"https:\/\/jb-holz-montagen.de\/?page_id=46","title":{"rendered":"Impressum"},"content":{"rendered":"\n<h3 class=\"wp-block-heading\" style=\"text-align:center\">Angaben gem\u00e4\u00df \u00a7 5 TMG<\/h3>\n\n\n\n<p style=\"text-align:center\">Julian B\u00f6hle<br>Holz-Montagen<br>Allee 23<br>32756 Detmold<\/p>\n\n\n\n<h3 class=\"wp-block-heading\" style=\"text-align:center\">Kontakt<\/h3>\n\n\n\n<p style=\"text-align:center\">Telefon: 0151 20245319<br>E-Mail: info@jb-holz-montagen.de<\/p>\n\n\n\n<p style=\"text-align:center\">SteuerNr.: 313 5034 2461<\/p>\n\n\n\n<h3 class=\"wp-block-heading\" style=\"text-align:center\">Aufsichtsbeh\u00f6rde<\/h3>\n\n\n\n<p style=\"text-align:center\">Handwerkskammer Ostwestfalen-Lippe zu Bielefeld<br>Campus Handwerk 1<br>33613 Bielefeld<\/p>\n\n\n\n<p style=\"text-align:center\"><a href=\"https:\/\/handwerk-owl.de\">https:\/\/handwerk-owl.de<\/a><\/p>\n\n\n\n<h3 class=\"wp-block-heading\" style=\"text-align:center\">Angaben zur Berufshaftpflichtversicherung<\/h3>\n\n\n\n<p style=\"text-align:center\"><strong>Name und Sitz des Versicherers:<\/strong><br>Lippische Landes-Brandversicherungsanstalt<br>Simon-August-Stra\u00dfe 2<br>32756 Detmold<\/p>\n\n\n\n<p style=\"text-align:center\"><strong>Geltungsraum der Versicherung:<\/strong><br>Deutschland<br><\/p>\n\n\n\n<h3 class=\"wp-block-heading\" style=\"text-align:center\">Haftung f\u00fcr Inhalte<\/h3>\n\n\n\n<p style=\"text-align:center\">Als Diensteanbieter sind wir gem\u00e4\u00df \u00a7 7 Abs.1 TMG f\u00fcr eigene Inhalte auf diesen Seiten nach den allgemeinen Gesetzen verantwortlich. Nach \u00a7\u00a7 8 bis 10 TMG sind wir als Diensteanbieter jedoch nicht verpflichtet, \u00fcbermittelte oder gespeicherte fremde Informationen zu \u00fcberwachen oder nach Umst\u00e4nden zu forschen, die auf eine rechtswidrige T\u00e4tigkeit hinweisen.<\/p>\n\n\n\n<p style=\"text-align:center\">Verpflichtungen zur Entfernung oder Sperrung der Nutzung von Informationen nach den allgemeinen Gesetzen bleiben hiervon unber\u00fchrt. Eine diesbez\u00fcgliche Haftung ist jedoch erst ab dem Zeitpunkt der Kenntnis einer konkreten Rechtsverletzung m\u00f6glich. Bei Bekanntwerden von entsprechenden Rechtsverletzungen werden wir diese Inhalte umgehend entfernen.<\/p>\n\n\n\n<h3 class=\"wp-block-heading\" style=\"text-align:center\">Haftung f\u00fcr Links<\/h3>\n\n\n\n<p style=\"text-align:center\">Unser Angebot enth\u00e4lt Links zu externen Websites Dritter, auf deren Inhalte wir keinen Einfluss haben. Deshalb k\u00f6nnen wir f\u00fcr diese fremden Inhalte auch keine Gew\u00e4hr \u00fcbernehmen. F\u00fcr die Inhalte der verlinkten Seiten ist stets der jeweilige Anbieter oder Betreiber der Seiten verantwortlich. Die verlinkten Seiten wurden zum Zeitpunkt der Verlinkung auf m\u00f6gliche Rechtsverst\u00f6\u00dfe \u00fcberpr\u00fcft. Rechtswidrige Inhalte waren zum Zeitpunkt der Verlinkung nicht erkennbar.<\/p>\n\n\n\n<p style=\"text-align:center\">Eine permanente inhaltliche Kontrolle der verlinkten Seiten ist jedoch ohne konkrete Anhaltspunkte einer Rechtsverletzung nicht zumutbar. Bei Bekanntwerden von Rechtsverletzungen werden wir derartige Links umgehend entfernen.<\/p>\n\n\n\n<h3 class=\"wp-block-heading\" style=\"text-align:center\">Urheberrecht<\/h3>\n\n\n\n<p style=\"text-align:center\">Die durch die Seitenbetreiber erstellten Inhalte und Werke auf diesen Seiten unterliegen dem deutschen Urheberrecht. Die Vervielf\u00e4ltigung, Bearbeitung, Verbreitung und jede Art der Verwertung au\u00dferhalb der Grenzen des Urheberrechtes bed\u00fcrfen der schriftlichen Zustimmung des jeweiligen Autors bzw. Erstellers. Downloads und Kopien dieser Seite sind nur f\u00fcr den privaten, nicht kommerziellen Gebrauch gestattet.<\/p>\n\n\n\n<p style=\"text-align:center\">Soweit die Inhalte auf dieser Seite nicht vom Betreiber erstellt wurden, werden die Urheberrechte Dritter beachtet. Insbesondere werden Inhalte Dritter als solche gekennzeichnet. Sollten Sie trotzdem auf eine Urheberrechtsverletzung aufmerksam werden, bitten wir um einen entsprechenden Hinweis. Bei Bekanntwerden von Rechtsverletzungen werden wir derartige Inhalte umgehend entfernen.<\/p>\n\n\n\n<p style=\"text-align:center\">Quelle: <a href=\"https:\/\/www.e-recht24.de\">eRecht24<\/a><\/p>\n","protected":false},"excerpt":{"rendered":"<p>Angaben gem\u00e4\u00df \u00a7 5 TMG Julian B\u00f6hleHolz-MontagenAllee 2332756 Detmold Kontakt Telefon: 0151 20245319E-Mail: info@jb-holz-montagen.de SteuerNr.: 313 5034 2461 Aufsichtsbeh\u00f6rde Handwerkskammer Ostwestfalen-Lippe zu BielefeldCampus Handwerk 133613 Bielefeld https:\/\/handwerk-owl.de Angaben zur Berufshaftpflichtversicherung Name und Sitz des Versicherers:Lippische Landes-BrandversicherungsanstaltSimon-August-Stra\u00dfe 232756 Detmold Geltungsraum der Versicherung:Deutschland Haftung f\u00fcr Inhalte Als Diensteanbieter sind wir gem\u00e4\u00df \u00a7 7 Abs.1 TMG f\u00fcr eigene [&hellip;]<\/p>\n","protected":false},"author":1,"featured_media":0,"parent":0,"menu_order":0,"comment_status":"closed","ping_status":"closed","template":"","meta":{"footnotes":""},"class_list":["post-46","page","type-page","status-publish","hentry"],"_links":{"self":[{"href":"https:\/\/jb-holz-montagen.de\/index.php?rest_route=\/wp\/v2\/pages\/46"}],"collection":[{"href":"https:\/\/jb-holz-montagen.de\/index.php?rest_route=\/wp\/v2\/pages"}],"about":[{"href":"https:\/\/jb-holz-montagen.de\/index.php?rest_route=\/wp\/v2\/types\/page"}],"author":[{"embeddable":true,"href":"https:\/\/jb-holz-montagen.de\/index.php?rest_route=\/wp\/v2\/users\/1"}],"replies":[{"embeddable":true,"href":"https:\/\/jb-holz-montagen.de\/index.php?rest_route=%2Fwp%2Fv2%2Fcomments&post=46"}],"version-history":[{"count":3,"href":"https:\/\/jb-holz-montagen.de\/index.php?rest_route=\/wp\/v2\/pages\/46\/revisions"}],"predecessor-version":[{"id":110,"href":"https:\/\/jb-holz-montagen.de\/index.php?rest_route=\/wp\/v2\/pages\/46\/revisions\/110"}],"wp:attachment":[{"href":"https:\/\/jb-holz-montagen.de\/index.php?rest_route=%2Fwp%2Fv2%2Fmedia&parent=46"}],"curies":[{"name":"wp","href":"https:\/\/api.w.org\/{rel}","templated":true}]}}